{"id":300,"date":"2020-03-04T01:27:25","date_gmt":"2020-03-04T00:27:25","guid":{"rendered":"https:\/\/owim.uek.krakow.pl\/?page_id=300"},"modified":"2022-11-11T02:17:54","modified_gmt":"2022-11-11T01:17:54","slug":"partners","status":"publish","type":"page","link":"https:\/\/owim.uek.krakow.pl\/index.php\/en\/partners\/","title":{"rendered":"Partners"},"content":{"rendered":"<p><div class=\"fusion-fullwidth fullwidth-box fusion-builder-row-1 nonhundred-percent-fullwidth non-hundred-percent-height-scrolling\" style=\"background-color: #ffffff;background-position: center center;background-repeat: no-repeat;padding-top:0px;padding-right:0px;padding-bottom:0px;padding-left:0px;margin-bottom: 0px;margin-top: 0px;border-width: 0px 0px 0px 0px;border-color:#eae9e9;border-style:solid;\" ><div class=\"fusion-builder-row fusion-row\"><div class=\"fusion-layout-column fusion_builder_column fusion-builder-column-0 fusion_builder_column_2_3 2_3 fusion-two-third fusion-column-first\" style=\"width:66.666666666667%;width:calc(66.666666666667% - ( ( 4% ) * 0.66666666666667 ) );margin-right: 4%;margin-top:0px;margin-bottom:20px;\"><div class=\"fusion-column-wrapper fusion-flex-column-wrapper-legacy\" style=\"background-position:left top;background-repeat:no-repeat;-webkit-background-size:cover;-moz-background-size:cover;-o-background-size:cover;background-size:cover;padding: 0px 0px 0px 0px;\"><div class=\"fusion-text fusion-text-1\"><h1 style=\"text-align: center;\">The Multicultural Center in Krak\u00f3w<\/h1>\n<\/div><div class=\"fusion-text fusion-text-2\"><p style=\"text-align: justify;\">The Multicultural Center is an innovative project of the City of Krak\u00f3w. Its first edition took place in 2021. The second edition started at the beginning of 2022 and will last until 2023. The mission of the Multicultural Center is to support all migrants and refugees in need of assistance during the different phases of taking root in our city. The Center is operated by the Internationaler Bund Polska Foundation.<\/p>\n<\/div><div class=\"fusion-clearfix\"><\/div><\/div><\/div><div class=\"fusion-layout-column fusion_builder_column fusion-builder-column-1 fusion_builder_column_1_3 1_3 fusion-one-third fusion-column-last\" style=\"width:33.333333333333%;width:calc(33.333333333333% - ( ( 4% ) * 0.33333333333333 ) );margin-top:0px;margin-bottom:20px;\"><div class=\"fusion-column-wrapper fusion-flex-column-wrapper-legacy\" style=\"background-position:left top;background-repeat:no-repeat;-webkit-background-size:cover;-moz-background-size:cover;-o-background-size:cover;background-size:cover;padding: 0px 0px 0px 0px;\"><span class=\" fusion-imageframe imageframe-none imageframe-1 hover-type-none\"><img width=\"300\" height=\"300\" title=\"Logo do wsp\u00f3\u0142pracy bez t\u0142a (1)\" src=\"https:\/\/owim.uek.krakow.pl\/wp-content\/uploads\/2022\/11\/Logo-do-wspolpracy-bez-tla-1-1-300x300.png\" class=\"img-responsive wp-image-1393\" srcset=\"https:\/\/owim.uek.krakow.pl\/wp-content\/uploads\/2022\/11\/Logo-do-wspolpracy-bez-tla-1-1-200x200.png 200w, https:\/\/owim.uek.krakow.pl\/wp-content\/uploads\/2022\/11\/Logo-do-wspolpracy-bez-tla-1-1-400x400.png 400w, https:\/\/owim.uek.krakow.pl\/wp-content\/uploads\/2022\/11\/Logo-do-wspolpracy-bez-tla-1-1-600x600.png 600w, https:\/\/owim.uek.krakow.pl\/wp-content\/uploads\/2022\/11\/Logo-do-wspolpracy-bez-tla-1-1-800x800.png 800w, https:\/\/owim.uek.krakow.pl\/wp-content\/uploads\/2022\/11\/Logo-do-wspolpracy-bez-tla-1-1-1200x1200.png 1200w\" sizes=\"(max-width: 800px) 100vw, 400px\" \/><\/span><div class=\"fusion-clearfix\"><\/div><\/div><\/div><\/div><\/div><div class=\"fusion-fullwidth fullwidth-box fusion-builder-row-2 nonhundred-percent-fullwidth non-hundred-percent-height-scrolling\" style=\"background-color: #ffffff;background-position: center center;background-repeat: no-repeat;padding-top:0px;padding-right:0px;padding-bottom:0px;padding-left:0px;margin-bottom: 0px;margin-top: 0px;border-width: 0px 0px 0px 0px;border-color:#eae9e9;border-style:solid;\" ><div class=\"fusion-builder-row fusion-row\"><div class=\"fusion-layout-column fusion_builder_column fusion-builder-column-2 fusion_builder_column_1_3 1_3 fusion-one-third fusion-column-first\" style=\"width:33.333333333333%;width:calc(33.333333333333% - ( ( 4% ) * 0.33333333333333 ) );margin-right: 4%;margin-top:0px;margin-bottom:20px;\"><div class=\"fusion-column-wrapper fusion-flex-column-wrapper-legacy\" style=\"background-position:left top;background-repeat:no-repeat;-webkit-background-size:cover;-moz-background-size:cover;-o-background-size:cover;background-size:cover;padding: 0px 0px 0px 0px;\"><span class=\" fusion-imageframe imageframe-none imageframe-2 hover-type-none\"><img width=\"300\" height=\"300\" title=\"50288945_2109537299128079_4544137787862941696_n\" src=\"https:\/\/owim.uek.krakow.pl\/wp-content\/uploads\/2020\/03\/50288945_2109537299128079_4544137787862941696_n-300x300.jpg\" class=\"img-responsive wp-image-301\"\/><\/span><div class=\"fusion-clearfix\"><\/div><\/div><\/div><div class=\"fusion-layout-column fusion_builder_column fusion-builder-column-3 fusion_builder_column_2_3 2_3 fusion-two-third fusion-column-last\" style=\"width:66.666666666667%;width:calc(66.666666666667% - ( ( 4% ) * 0.66666666666667 ) );margin-top:0px;margin-bottom:20px;\"><div class=\"fusion-column-wrapper fusion-flex-column-wrapper-legacy\" style=\"background-position:left top;background-repeat:no-repeat;-webkit-background-size:cover;-moz-background-size:cover;-o-background-size:cover;background-size:cover;padding: 0px 0px 0px 0px;\"><div class=\"fusion-text fusion-text-3\"><h1 style=\"text-align: center;\">Otwarty Krak\u00f3w<\/h1>\n<\/div><div class=\"fusion-text fusion-text-4\"><p style=\"text-align: justify;\">The programme \u201eOtwarty Krak\u00f3w\u201d (Open Cracow) operating since 2016 was an initiative of the Municipality of Cracow. At the heart of it lies the awareness of the necessity of an active role of the Municipality in a situation of a growing diversity of the city \u2013 to take the maximum advantage of the positive potential of that change. \u201eOtwarty Krak\u00f3w\u201d is a cross-sectional coperation for creating a harmonious, multicultural community of the city.<\/p>\n<\/div><div class=\"fusion-clearfix\"><\/div><\/div><\/div><\/div><\/div><div class=\"fusion-fullwidth fullwidth-box fusion-builder-row-3 nonhundred-percent-fullwidth non-hundred-percent-height-scrolling\" style=\"background-color: #ffffff;background-position: center center;background-repeat: no-repeat;padding-top:0px;padding-right:0px;padding-bottom:0px;padding-left:0px;margin-bottom: 0px;margin-top: 0px;border-width: 0px 0px 0px 0px;border-color:#eae9e9;border-style:solid;\" ><div class=\"fusion-builder-row fusion-row\"><div class=\"fusion-layout-column fusion_builder_column fusion-builder-column-4 fusion_builder_column_2_3 2_3 fusion-two-third fusion-column-first\" style=\"width:66.666666666667%;width:calc(66.666666666667% - ( ( 4% ) * 0.66666666666667 ) );margin-right: 4%;margin-top:0px;margin-bottom:20px;\"><div class=\"fusion-column-wrapper fusion-flex-column-wrapper-legacy\" style=\"background-position:left top;background-repeat:no-repeat;-webkit-background-size:cover;-moz-background-size:cover;-o-background-size:cover;background-size:cover;padding: 0px 0px 0px 0px;\"><div class=\"fusion-text fusion-text-5\"><h1 style=\"text-align: center;\">CASPAR<\/h1>\n<\/div><div class=\"fusion-text fusion-text-6\"><p style=\"text-align: justify;\">CASPAR (Center for Advanced Studies of Population and Religion) is an interdisciplinary research centre operating since 2018 at the Cracow University of Economics. CASPAR gathers experienced researchers of population, migration and religion with a background in a wide array of academic disciplines: anthropology, demography, economics, political science, statistics, sociology and mathematics.<\/p>\n<\/div><div class=\"fusion-clearfix\"><\/div><\/div><\/div><div class=\"fusion-layout-column fusion_builder_column fusion-builder-column-5 fusion_builder_column_1_3 1_3 fusion-one-third fusion-column-last\" style=\"width:33.333333333333%;width:calc(33.333333333333% - ( ( 4% ) * 0.33333333333333 ) );margin-top:0px;margin-bottom:20px;\"><div class=\"fusion-column-wrapper fusion-flex-column-wrapper-legacy\" style=\"background-position:left top;background-repeat:no-repeat;-webkit-background-size:cover;-moz-background-size:cover;-o-background-size:cover;background-size:cover;padding: 0px 0px 0px 0px;\"><span class=\" fusion-imageframe imageframe-none imageframe-3 hover-type-none\"><img width=\"293\" height=\"300\" title=\"CASPAR_Logo_Pion_Color_PL_lit\" src=\"https:\/\/owim.uek.krakow.pl\/wp-content\/uploads\/2020\/03\/CASPAR_Logo_Pion_Color_PL_lit-293x300.jpg\" class=\"img-responsive wp-image-366\" srcset=\"https:\/\/owim.uek.krakow.pl\/wp-content\/uploads\/2020\/03\/CASPAR_Logo_Pion_Color_PL_lit-200x205.jpg 200w, https:\/\/owim.uek.krakow.pl\/wp-content\/uploads\/2020\/03\/CASPAR_Logo_Pion_Color_PL_lit-400x409.jpg 400w, https:\/\/owim.uek.krakow.pl\/wp-content\/uploads\/2020\/03\/CASPAR_Logo_Pion_Color_PL_lit.jpg 517w\" sizes=\"(max-width: 800px) 100vw, 400px\" \/><\/span><div class=\"fusion-clearfix\"><\/div><\/div><\/div><\/div><\/div><\/p>\n","protected":false},"excerpt":{"rendered":"","protected":false},"author":5,"featured_media":0,"parent":0,"menu_order":0,"comment_status":"closed","ping_status":"closed","template":"","meta":[],"_links":{"self":[{"href":"https:\/\/owim.uek.krakow.pl\/index.php\/wp-json\/wp\/v2\/pages\/300"}],"collection":[{"href":"https:\/\/owim.uek.krakow.pl\/index.php\/wp-json\/wp\/v2\/pages"}],"about":[{"href":"https:\/\/owim.uek.krakow.pl\/index.php\/wp-json\/wp\/v2\/types\/page"}],"author":[{"embeddable":true,"href":"https:\/\/owim.uek.krakow.pl\/index.php\/wp-json\/wp\/v2\/users\/5"}],"replies":[{"embeddable":true,"href":"https:\/\/owim.uek.krakow.pl\/index.php\/wp-json\/wp\/v2\/comments?post=300"}],"version-history":[{"count":8,"href":"https:\/\/owim.uek.krakow.pl\/index.php\/wp-json\/wp\/v2\/pages\/300\/revisions"}],"predecessor-version":[{"id":1395,"href":"https:\/\/owim.uek.krakow.pl\/index.php\/wp-json\/wp\/v2\/pages\/300\/revisions\/1395"}],"wp:attachment":[{"href":"https:\/\/owim.uek.krakow.pl\/index.php\/wp-json\/wp\/v2\/media?parent=300"}],"curies":[{"name":"wp","href":"https:\/\/api.w.org\/{rel}","templated":true}]}}