{"id":146,"date":"2019-12-18T15:26:39","date_gmt":"2019-12-18T14:26:39","guid":{"rendered":"https:\/\/owim.uek.krakow.pl\/?page_id=146"},"modified":"2022-11-11T02:04:49","modified_gmt":"2022-11-11T01:04:49","slug":"146-2","status":"publish","type":"page","link":"https:\/\/owim.uek.krakow.pl\/index.php\/146-2\/","title":{"rendered":"Partnerzy"},"content":{"rendered":"<p><div class=\"fusion-fullwidth fullwidth-box fusion-builder-row-1 nonhundred-percent-fullwidth non-hundred-percent-height-scrolling\" style=\"background-color: #ffffff;background-position: center center;background-repeat: no-repeat;padding-top:0px;padding-right:0px;padding-bottom:0px;padding-left:0px;margin-bottom: 0px;margin-top: 0px;border-width: 0px 0px 0px 0px;border-color:#eae9e9;border-style:solid;\" ><div class=\"fusion-builder-row fusion-row\"><div class=\"fusion-layout-column fusion_builder_column fusion-builder-column-0 fusion_builder_column_2_3 2_3 fusion-two-third fusion-column-first\" style=\"width:66.666666666667%;width:calc(66.666666666667% - ( ( 4% ) * 0.66666666666667 ) );margin-right: 4%;margin-top:0px;margin-bottom:20px;\"><div class=\"fusion-column-wrapper fusion-flex-column-wrapper-legacy\" style=\"background-position:left top;background-repeat:no-repeat;-webkit-background-size:cover;-moz-background-size:cover;-o-background-size:cover;background-size:cover;padding: 0px 0px 0px 0px;\"><div class=\"fusion-text fusion-text-1\"><h1 style=\"text-align: center;\">Centrum Wielokulturowe w Krakowie<\/h1>\n<\/div><div class=\"fusion-text fusion-text-2\"><p>Centrum Wielokulturowe jest innowacyjnym projektem miasta Krakowa. Jego pierwsza edycja mia\u0142a miejsce w latach 2021. Druga, rozpocz\u0119\u0142a si\u0119 na pocz\u0105tku 2022 i potrwa do 2023. Misj\u0105 Centrum Wielokulturowego jest wsparcie wszystkich migrant\u00f3w i uchod\u017ac\u00f3w potrzebuj\u0105cych pomocy podczas poszczeg\u00f3lnych faz zakorzeniania si\u0119 w naszym mie\u015bcie. Operatorem Centrum jest Fundacja Internationaler Bund Polska.<\/p>\n<\/div><div class=\"fusion-clearfix\"><\/div><\/div><\/div><div class=\"fusion-layout-column fusion_builder_column fusion-builder-column-1 fusion_builder_column_1_3 1_3 fusion-one-third fusion-column-last\" style=\"width:33.333333333333%;width:calc(33.333333333333% - ( ( 4% ) * 0.33333333333333 ) );margin-top:0px;margin-bottom:20px;\"><div class=\"fusion-column-wrapper fusion-flex-column-wrapper-legacy\" style=\"background-position:left top;background-repeat:no-repeat;-webkit-background-size:cover;-moz-background-size:cover;-o-background-size:cover;background-size:cover;padding: 0px 0px 0px 0px;\"><span class=\" fusion-imageframe imageframe-none imageframe-1 hover-type-none\"><a class=\"fusion-no-lightbox\" href=\"http:\/\/otwarty.krakow.pl\/\" target=\"_blank\" aria-label=\"Logo do wsp\u00f3\u0142pracy bez t\u0142a (1)\" rel=\"noopener noreferrer\"><img width=\"300\" height=\"300\" src=\"https:\/\/owim.uek.krakow.pl\/wp-content\/uploads\/2022\/11\/Logo-do-wspolpracy-bez-tla-1-300x300.png\" class=\"img-responsive wp-image-1391\" srcset=\"https:\/\/owim.uek.krakow.pl\/wp-content\/uploads\/2022\/11\/Logo-do-wspolpracy-bez-tla-1-200x200.png 200w, https:\/\/owim.uek.krakow.pl\/wp-content\/uploads\/2022\/11\/Logo-do-wspolpracy-bez-tla-1-400x400.png 400w, https:\/\/owim.uek.krakow.pl\/wp-content\/uploads\/2022\/11\/Logo-do-wspolpracy-bez-tla-1-600x600.png 600w, https:\/\/owim.uek.krakow.pl\/wp-content\/uploads\/2022\/11\/Logo-do-wspolpracy-bez-tla-1-800x800.png 800w, https:\/\/owim.uek.krakow.pl\/wp-content\/uploads\/2022\/11\/Logo-do-wspolpracy-bez-tla-1-1200x1200.png 1200w\" sizes=\"(max-width: 800px) 100vw, 400px\" \/><\/a><\/span><div class=\"fusion-clearfix\"><\/div><\/div><\/div><\/div><\/div><div class=\"fusion-fullwidth fullwidth-box fusion-builder-row-2 nonhundred-percent-fullwidth non-hundred-percent-height-scrolling\" style=\"background-color: #ffffff;background-position: center center;background-repeat: no-repeat;padding-top:0px;padding-right:0px;padding-bottom:0px;padding-left:0px;margin-bottom: 0px;margin-top: 0px;border-width: 0px 0px 0px 0px;border-color:#eae9e9;border-style:solid;\" ><div class=\"fusion-builder-row fusion-row\"><div class=\"fusion-layout-column fusion_builder_column fusion-builder-column-2 fusion_builder_column_1_3 1_3 fusion-one-third fusion-column-first\" style=\"width:33.333333333333%;width:calc(33.333333333333% - ( ( 4% ) * 0.33333333333333 ) );margin-right: 4%;margin-top:0px;margin-bottom:20px;\"><div class=\"fusion-column-wrapper fusion-flex-column-wrapper-legacy\" style=\"background-position:left top;background-repeat:no-repeat;-webkit-background-size:cover;-moz-background-size:cover;-o-background-size:cover;background-size:cover;padding: 0px 0px 0px 0px;\"><span class=\" fusion-imageframe imageframe-none imageframe-2 hover-type-none\"><a class=\"fusion-no-lightbox\" href=\"http:\/\/otwarty.krakow.pl\/\" target=\"_blank\" aria-label=\"50288945_2109537299128079_4544137787862941696_n\" rel=\"noopener noreferrer\"><img width=\"300\" height=\"300\" src=\"https:\/\/owim.uek.krakow.pl\/wp-content\/uploads\/2019\/12\/50288945_2109537299128079_4544137787862941696_n-300x300.jpg\" class=\"img-responsive wp-image-179\"\/><\/a><\/span><div class=\"fusion-clearfix\"><\/div><\/div><\/div><div class=\"fusion-layout-column fusion_builder_column fusion-builder-column-3 fusion_builder_column_2_3 2_3 fusion-two-third fusion-column-last\" style=\"width:66.666666666667%;width:calc(66.666666666667% - ( ( 4% ) * 0.66666666666667 ) );margin-top:0px;margin-bottom:20px;\"><div class=\"fusion-column-wrapper fusion-flex-column-wrapper-legacy\" style=\"background-position:left top;background-repeat:no-repeat;-webkit-background-size:cover;-moz-background-size:cover;-o-background-size:cover;background-size:cover;padding: 0px 0px 0px 0px;\"><div class=\"fusion-text fusion-text-3\"><h1 style=\"text-align: center;\">Otwarty Krak\u00f3w<\/h1>\n<\/div><div class=\"fusion-text fusion-text-4\"><p style=\"text-align: justify;\">Dzia\u0142aj\u0105cy od 2016 roku program &#8222;Otwarty Krak\u00f3w&#8221; jest inicjatyw\u0105 Urz\u0119du Miasta Krakowa. W jego centrum jest uznanie konieczno\u015bci aktywnego dzia\u0142ania samorz\u0105du w sytuacji rosn\u0105cej r\u00f3\u017cnorodno\u015bci Krakowa tak, by maksymalizowa\u0107 wykorzystanie pozytywnego potencja\u0142u tej zmiany. &#8222;Otwarty Krak\u00f3w&#8221; to mi\u0119dzysektorowa wsp\u00f3\u0142praca na rzecz tworzenia harmonijnej, wielokulturowej spo\u0142eczno\u015bci miasta.<\/p>\n<\/div><div class=\"fusion-clearfix\"><\/div><\/div><\/div><\/div><\/div><div class=\"fusion-fullwidth fullwidth-box fusion-builder-row-3 nonhundred-percent-fullwidth non-hundred-percent-height-scrolling\" style=\"background-color: #ffffff;background-position: center center;background-repeat: no-repeat;padding-top:0px;padding-right:0px;padding-bottom:0px;padding-left:0px;margin-bottom: 0px;margin-top: 0px;border-width: 0px 0px 0px 0px;border-color:#eae9e9;border-style:solid;\" ><div class=\"fusion-builder-row fusion-row\"><div class=\"fusion-layout-column fusion_builder_column fusion-builder-column-4 fusion_builder_column_2_3 2_3 fusion-two-third fusion-column-first\" style=\"width:66.666666666667%;width:calc(66.666666666667% - ( ( 4% ) * 0.66666666666667 ) );margin-right: 4%;margin-top:0px;margin-bottom:20px;\"><div class=\"fusion-column-wrapper fusion-flex-column-wrapper-legacy\" style=\"background-position:left top;background-repeat:no-repeat;-webkit-background-size:cover;-moz-background-size:cover;-o-background-size:cover;background-size:cover;padding: 0px 0px 0px 0px;\"><div class=\"fusion-text fusion-text-5\"><h1 style=\"text-align: center;\">CASPAR<\/h1>\n<\/div><div class=\"fusion-text fusion-text-6\"><p style=\"text-align: justify;\">CASPAR (Center for Advanced Studies of Population and Religion) jest interdyscyplinarnym centrum badawczym dzia\u0142aj\u0105cym od 2018 roku na Uniwersytecie Ekonomicznym w Krakowie skupiaj\u0105cym do\u015bwiadczonych badaczy populacji, migracji i religii wywodz\u0105cych si\u0119 z r\u00f3\u017cnych dziedzin nauk: antropologii, demografii, ekonomii, nauk politycznych, statystyki, socjologii i matematyki.<\/p>\n<\/div><div class=\"fusion-clearfix\"><\/div><\/div><\/div><div class=\"fusion-layout-column fusion_builder_column fusion-builder-column-5 fusion_builder_column_1_3 1_3 fusion-one-third fusion-column-last\" style=\"width:33.333333333333%;width:calc(33.333333333333% - ( ( 4% ) * 0.33333333333333 ) );margin-top:0px;margin-bottom:20px;\"><div class=\"fusion-column-wrapper fusion-flex-column-wrapper-legacy\" style=\"background-position:left top;background-repeat:no-repeat;-webkit-background-size:cover;-moz-background-size:cover;-o-background-size:cover;background-size:cover;padding: 0px 0px 0px 0px;\"><span class=\" fusion-imageframe imageframe-none imageframe-3 hover-type-none\"><a class=\"fusion-no-lightbox\" href=\"https:\/\/pl-pl.facebook.com\/pg\/Caspar-402193650353995\/about\/\" target=\"_blank\" aria-label=\"CASPAR_Logo_Pion_Color_PL_lit\" rel=\"noopener noreferrer\"><img width=\"293\" height=\"300\" src=\"https:\/\/owim.uek.krakow.pl\/wp-content\/uploads\/2020\/03\/CASPAR_Logo_Pion_Color_PL_lit-1-293x300.jpg\" class=\"img-responsive wp-image-370\" srcset=\"https:\/\/owim.uek.krakow.pl\/wp-content\/uploads\/2020\/03\/CASPAR_Logo_Pion_Color_PL_lit-1-200x205.jpg 200w, https:\/\/owim.uek.krakow.pl\/wp-content\/uploads\/2020\/03\/CASPAR_Logo_Pion_Color_PL_lit-1-400x409.jpg 400w, https:\/\/owim.uek.krakow.pl\/wp-content\/uploads\/2020\/03\/CASPAR_Logo_Pion_Color_PL_lit-1.jpg 517w\" sizes=\"(max-width: 800px) 100vw, 400px\" \/><\/a><\/span><div class=\"fusion-clearfix\"><\/div><\/div><\/div><\/div><\/div><\/p>\n","protected":false},"excerpt":{"rendered":"","protected":false},"author":4,"featured_media":0,"parent":0,"menu_order":0,"comment_status":"closed","ping_status":"closed","template":"","meta":[],"_links":{"self":[{"href":"https:\/\/owim.uek.krakow.pl\/index.php\/wp-json\/wp\/v2\/pages\/146"}],"collection":[{"href":"https:\/\/owim.uek.krakow.pl\/index.php\/wp-json\/wp\/v2\/pages"}],"about":[{"href":"https:\/\/owim.uek.krakow.pl\/index.php\/wp-json\/wp\/v2\/types\/page"}],"author":[{"embeddable":true,"href":"https:\/\/owim.uek.krakow.pl\/index.php\/wp-json\/wp\/v2\/users\/4"}],"replies":[{"embeddable":true,"href":"https:\/\/owim.uek.krakow.pl\/index.php\/wp-json\/wp\/v2\/comments?post=146"}],"version-history":[{"count":8,"href":"https:\/\/owim.uek.krakow.pl\/index.php\/wp-json\/wp\/v2\/pages\/146\/revisions"}],"predecessor-version":[{"id":1392,"href":"https:\/\/owim.uek.krakow.pl\/index.php\/wp-json\/wp\/v2\/pages\/146\/revisions\/1392"}],"wp:attachment":[{"href":"https:\/\/owim.uek.krakow.pl\/index.php\/wp-json\/wp\/v2\/media?parent=146"}],"curies":[{"name":"wp","href":"https:\/\/api.w.org\/{rel}","templated":true}]}}