{"id":11,"date":"2019-12-09T21:03:02","date_gmt":"2019-12-09T20:03:02","guid":{"rendered":"https:\/\/owim.uek.krakow.pl\/?page_id=11"},"modified":"2021-07-01T14:06:04","modified_gmt":"2021-07-01T12:06:04","slug":"o-owim","status":"publish","type":"page","link":"https:\/\/owim.uek.krakow.pl\/index.php\/o-owim\/","title":{"rendered":"O OWiM"},"content":{"rendered":"<p><div class=\"fusion-fullwidth fullwidth-box fusion-builder-row-1 nonhundred-percent-fullwidth non-hundred-percent-height-scrolling\" style=\"background-color: #ffffff;background-position: center center;background-repeat: no-repeat;padding-top:0px;padding-right:0px;padding-bottom:0px;padding-left:0px;margin-bottom: 0px;margin-top: 0px;border-width: 0px 0px 0px 0px;border-color:#eae9e9;border-style:solid;\" ><div class=\"fusion-builder-row fusion-row\"><div class=\"fusion-layout-column fusion_builder_column fusion-builder-column-0 fusion_builder_column_2_3 2_3 fusion-two-third fusion-column-first\" style=\"width:66.666666666667%;width:calc(66.666666666667% - ( ( 4% ) * 0.66666666666667 ) );margin-right: 4%;margin-top:0px;margin-bottom:20px;\"><div class=\"fusion-column-wrapper fusion-flex-column-wrapper-legacy\" style=\"background-position:left top;background-repeat:no-repeat;-webkit-background-size:cover;-moz-background-size:cover;-o-background-size:cover;background-size:cover;padding: 0px 0px 0px 0px;\"><div class=\"fusion-text fusion-text-1\"><h1><strong>O OWiM<\/strong><\/h1>\n<p style=\"text-align: justify;\">Obserwatorium Wielokulturowo\u015bci i Migracji (OWiM) to wsp\u00f3lna inicjatywa Urz\u0119du Miasta Krakowa i Uniwersytetu Ekonomicznego w Krakowie. Celem projektu jest analizowanie proces\u00f3w migracyjnych i przemian wielokulturowo\u015bci w przestrzeni miejskiej.<\/p>\n<p style=\"text-align: justify;\">W ramach projektu powstaj\u0105 szczeg\u00f3\u0142owe raporty analizuj\u0105ce r\u00f3\u017cne aspekty proces\u00f3w migracyjnych w mie\u015bcie oraz wywo\u0142anych przez te procesy transformacje spo\u0142eczno\u015bci miejskiej, zapocz\u0105tkowane zosta\u0142y badania d\u0142ugookresowe imigrant\u00f3w mieszkaj\u0105cych w Krakowie, organizowane s\u0105 regularne seminaria OWiM prezentuj\u0105ce wyniki dzia\u0142a\u0144 projektu oraz zagadnienia pokrewne, integrowane s\u0105 dzia\u0142ania akademickie, miejskie i wojew\u00f3dzkie maj\u0105ce na celu pe\u0142niejsze poznanie proces\u00f3w migracyjnych i lepsze zarz\u0105dzanie nimi.<\/p>\n<\/div><div class=\"fusion-clearfix\"><\/div><\/div><\/div><div class=\"fusion-layout-column fusion_builder_column fusion-builder-column-1 fusion_builder_column_1_3 1_3 fusion-one-third fusion-column-last\" style=\"width:33.333333333333%;width:calc(33.333333333333% - ( ( 4% ) * 0.33333333333333 ) );margin-top:0px;margin-bottom:20px;\"><div class=\"fusion-column-wrapper fusion-flex-column-wrapper-legacy\" style=\"background-position:left top;background-repeat:no-repeat;-webkit-background-size:cover;-moz-background-size:cover;-o-background-size:cover;background-size:cover;padding: 0px 0px 0px 0px;\"><span class=\" fusion-imageframe imageframe-none imageframe-1 hover-type-none\"><img width=\"300\" height=\"300\" title=\"owim\" src=\"https:\/\/owim.uek.krakow.pl\/wp-content\/uploads\/2019\/12\/owim-300x300.png\" class=\"img-responsive wp-image-13\" srcset=\"https:\/\/owim.uek.krakow.pl\/wp-content\/uploads\/2019\/12\/owim-200x200.png 200w, https:\/\/owim.uek.krakow.pl\/wp-content\/uploads\/2019\/12\/owim-400x400.png 400w, https:\/\/owim.uek.krakow.pl\/wp-content\/uploads\/2019\/12\/owim-600x600.png 600w, https:\/\/owim.uek.krakow.pl\/wp-content\/uploads\/2019\/12\/owim.png 609w\" sizes=\"(max-width: 800px) 100vw, 400px\" \/><\/span><div class=\"fusion-clearfix\"><\/div><\/div><\/div><div class=\"fusion-layout-column fusion_builder_column fusion-builder-column-2 fusion_builder_column_1_1 1_1 fusion-one-full fusion-column-first fusion-column-last\" style=\"margin-top:0px;margin-bottom:20px;\"><div class=\"fusion-column-wrapper fusion-flex-column-wrapper-legacy\" style=\"background-position:left top;background-repeat:no-repeat;-webkit-background-size:cover;-moz-background-size:cover;-o-background-size:cover;background-size:cover;padding: 0px 0px 0px 0px;\"><div class=\"fusion-text fusion-text-2\"><p>OWiM to:<\/p>\n<ul>\n<li>monitorowanie i analiza przemian wielokulturowo\u015bci i proces\u00f3w migracyjnych w przestrzeni miejskiej<\/li>\n<li>analiza potencja\u0142u migrant\u00f3w w sferze spo\u0142ecznej, ekonomicznej i kulturowej oraz ich wk\u0142adu w rozw\u00f3j Krakowa<\/li>\n<li>diagnozowanie wyzwa\u0144 i barier w procesach integracji obcokrajowc\u00f3w zamieszka\u0142ych w mie\u015bcie<\/li>\n<li>proponowanie rekomendacji maj\u0105cych na celu lepsze zarz\u0105dzanie procesami migracyjnymi i wielokulturowo\u015bci\u0105 w mie\u015bcie, a tak\u017ce lepsze wykorzystanie potencja\u0142u indywidualnego i zbiorowego cudzoziemc\u00f3w i przedstawicieli mniejszo\u015bci etnicznych<\/li>\n<li>stworzenie przestrze\u0144 spotkania i wsp\u00f3\u0142pracy dla wszystkich os\u00f3b zainteresowanych badawczo zmieniaj\u0105cym si\u0119 charakterem wielokulturowo\u015bci miasta w wyniku proces\u00f3w migracji<\/li>\n<\/ul>\n<\/div><div class=\"fusion-text fusion-text-3\"><p style=\"text-align: justify;\">OWiM powsta\u0142 w lipcu 2019 na bazie porozumienia pomi\u0119dzy Urz\u0119dem Miasta Krakowa i Uniwersytetem Ekonomicznym w Krakowie. Umiejscowiony jest w Centrum Zaawansowanych Bada\u0144 Ludno\u015bciowych i Religijnych UEK i realizowany we wsp\u00f3\u0142pracy z innymi badaczami z miasta, kraju i zagranicy.<\/p>\n<\/div><div class=\"fusion-clearfix\"><\/div><\/div><\/div><\/div><\/div><div class=\"fusion-fullwidth fullwidth-box fusion-builder-row-2 nonhundred-percent-fullwidth non-hundred-percent-height-scrolling\" style=\"background-color: #ffffff;background-position: center center;background-repeat: no-repeat;padding-top:0px;padding-right:0px;padding-bottom:0px;padding-left:0px;margin-bottom: 0px;margin-top: 0px;border-width: 0px 0px 0px 0px;border-color:#eae9e9;border-style:solid;\" ><div class=\"fusion-builder-row fusion-row\"><div class=\"fusion-layout-column fusion_builder_column fusion-builder-column-3 fusion_builder_column_1_1 1_1 fusion-one-full fusion-column-first fusion-column-last\" style=\"margin-top:0px;margin-bottom:20px;\"><div class=\"fusion-column-wrapper fusion-flex-column-wrapper-legacy\" style=\"background-position:left top;background-repeat:no-repeat;-webkit-background-size:cover;-moz-background-size:cover;-o-background-size:cover;background-size:cover;padding: 0px 0px 0px 0px;\"><div class=\"fusion-text fusion-text-4\"><p>Zach\u0119camy do subskrypcji naszego newslettera, w kt\u00f3rym informujemy o nadchodz\u0105cych seminariach, konferencjach oraz najnowszych publikacjach Obserwatorium Wielokulturowo\u015bci i Migracji. Z subskrypcji mo\u017cna zrezygnowa\u0107 w dowolnym momencie <div class=\"tnp tnp-subscription\">\n<form method=\"post\" action=\"https:\/\/owim.uek.krakow.pl\/?na=s\">\n\n<input type=\"hidden\" name=\"nr\" value=\"page\"><input type=\"hidden\" name=\"nlang\" value=\"\"><div class=\"tnp-field tnp-field-email\"><label for=\"tnp-1\">Adres email<\/label>\n<input class=\"tnp-email\" type=\"email\" name=\"ne\" id=\"tnp-1\" value=\"\" required><\/div>\n<div class=\"tnp-field tnp-privacy-field\"><label><input type=\"checkbox\" name=\"ny\" required class=\"tnp-privacy\">&nbsp;Podaj\u0105c swoje dane osobowe wyra\u017cam zgod\u0119 na przetwarzanie ich przez Obserwatorium Wielokulturowo\u015bci i Migracji w celu przesy\u0142ania do mnie newslettera. Podaj\u0119 dane dobrowolnie<\/label><\/div><div class=\"tnp-field tnp-field-button\"><input class=\"tnp-submit\" type=\"submit\" value=\"Do\u0142\u0105cz si\u0119 do newsletter&#039;a\" >\n<\/div>\n<\/form>\n<\/div>\n<\/p>\n<\/div><div class=\"fusion-clearfix\"><\/div><\/div><\/div><\/div><\/div><\/p>\n","protected":false},"excerpt":{"rendered":"","protected":false},"author":5,"featured_media":0,"parent":0,"menu_order":0,"comment_status":"closed","ping_status":"closed","template":"","meta":[],"_links":{"self":[{"href":"https:\/\/owim.uek.krakow.pl\/index.php\/wp-json\/wp\/v2\/pages\/11"}],"collection":[{"href":"https:\/\/owim.uek.krakow.pl\/index.php\/wp-json\/wp\/v2\/pages"}],"about":[{"href":"https:\/\/owim.uek.krakow.pl\/index.php\/wp-json\/wp\/v2\/types\/page"}],"author":[{"embeddable":true,"href":"https:\/\/owim.uek.krakow.pl\/index.php\/wp-json\/wp\/v2\/users\/5"}],"replies":[{"embeddable":true,"href":"https:\/\/owim.uek.krakow.pl\/index.php\/wp-json\/wp\/v2\/comments?post=11"}],"version-history":[{"count":15,"href":"https:\/\/owim.uek.krakow.pl\/index.php\/wp-json\/wp\/v2\/pages\/11\/revisions"}],"predecessor-version":[{"id":986,"href":"https:\/\/owim.uek.krakow.pl\/index.php\/wp-json\/wp\/v2\/pages\/11\/revisions\/986"}],"wp:attachment":[{"href":"https:\/\/owim.uek.krakow.pl\/index.php\/wp-json\/wp\/v2\/media?parent=11"}],"curies":[{"name":"wp","href":"https:\/\/api.w.org\/{rel}","templated":true}]}}